{"id":1306,"date":"2024-06-01T09:08:11","date_gmt":"2024-06-01T06:08:11","guid":{"rendered":"https:\/\/mulloway.com.tr\/?page_id=1306"},"modified":"2024-06-01T09:08:55","modified_gmt":"2024-06-01T06:08:55","slug":"kahverengi-maltodekstrin","status":"publish","type":"page","link":"https:\/\/mulloway.com.tr\/en\/urunlerimiz\/kahverengi-maltodekstrin\/","title":{"rendered":"Brown Maltodextrin"},"content":{"rendered":"<div data-elementor-type=\"wp-page\" data-elementor-id=\"1306\" class=\"elementor elementor-1306\" data-elementor-post-type=\"page\">\n\t\t\t\t\t\t<div class=\"elementor-section elementor-top-section elementor-element elementor-element-7a76a3c elementor-section-content-middle elementor-section-full_width elementor-section-height-default elementor-section-height-default\" data-id=\"7a76a3c\" data-element_type=\"section\" data-e-type=\"section\" data-settings=\"{&quot;background_background&quot;:&quot;classic&quot;}\">\n\t\t\t\t\t\t<div class=\"elementor-container elementor-column-gap-no\">\n\t\t\t\t\t<div class=\"elementor-column elementor-col-100 elementor-top-column elementor-element elementor-element-568282d container\" data-id=\"568282d\" data-element_type=\"column\" data-e-type=\"column\">\n\t\t\t<div class=\"elementor-widget-wrap elementor-element-populated\">\n\t\t\t\t\t\t<section class=\"elementor-section elementor-inner-section elementor-element elementor-element-904c457 elementor-section-full_width elementor-section-height-default elementor-section-height-default\" data-id=\"904c457\" data-element_type=\"section\" data-e-type=\"section\">\n\t\t\t\t\t\t<div class=\"elementor-container elementor-column-gap-default\">\n\t\t\t\t\t<div class=\"elementor-column elementor-col-50 elementor-inner-column elementor-element elementor-element-bd8268f\" data-id=\"bd8268f\" data-element_type=\"column\" data-e-type=\"column\">\n\t\t\t<div class=\"elementor-widget-wrap elementor-element-populated\">\n\t\t\t\t\t\t<div class=\"elementor-element elementor-element-fa4699a elementor-invisible elementor-widget elementor-widget-heading\" data-id=\"fa4699a\" data-element_type=\"widget\" data-e-type=\"widget\" data-settings=\"{&quot;_animation&quot;:&quot;fadeInDown&quot;}\" data-widget_type=\"heading.default\">\n\t\t\t\t<div class=\"elementor-widget-container\">\n\t\t\t\t\t<h2 class=\"elementor-heading-title elementor-size-default\"><h5>\n<a href=\"https:\/\/mulloway.com.tr\/en\/urunlerimiz\/\" class=\"text-primary-color\">Our Products<\/a>\n<i class=\"fa fa-angle-right mrl-10 mrr-10\"><\/i>\n<a href=\"https:\/\/mulloway.com.tr\/en\/urunlerimiz\/tatlandirici-grubu\/\" class=\"text-primary-color\">Sweetener Group<\/a>\n<\/h5><\/h2>\t\t\t\t<\/div>\n\t\t\t\t<\/div>\n\t\t\t\t<div class=\"elementor-element elementor-element-4d5b4e1 elementor-invisible elementor-widget elementor-widget-heading\" data-id=\"4d5b4e1\" data-element_type=\"widget\" data-e-type=\"widget\" data-settings=\"{&quot;_animation&quot;:&quot;fadeInLeft&quot;}\" data-widget_type=\"heading.default\">\n\t\t\t\t<div class=\"elementor-widget-container\">\n\t\t\t\t\t<h2 class=\"elementor-heading-title elementor-size-default\"><h3>Brown Maltodextrin<\/h3><\/h2>\t\t\t\t<\/div>\n\t\t\t\t<\/div>\n\t\t\t\t<div class=\"elementor-element elementor-element-8e23927 elementor-invisible elementor-widget elementor-widget-text-editor\" data-id=\"8e23927\" data-element_type=\"widget\" data-e-type=\"widget\" data-settings=\"{&quot;_animation&quot;:&quot;fadeInLeft&quot;}\" data-widget_type=\"text-editor.default\">\n\t\t\t\t<div class=\"elementor-widget-container\">\n\t\t\t\t\t\t\t\t\t<p>Brown maltodextrin is a type of maltodextrin derived from starch sources, which acquires a brown colour during processing. This compound is often used in dark coloured beverages and foods, adding depth to the colour and taste profile. It can also be used as a texture enhancer and stabiliser like conventional maltodextrin.<\/p>\t\t\t\t\t\t\t\t<\/div>\n\t\t\t\t<\/div>\n\t\t\t\t<div class=\"elementor-element elementor-element-6870b35 e-transform elementor-invisible elementor-widget elementor-widget-image\" data-id=\"6870b35\" data-element_type=\"widget\" data-e-type=\"widget\" data-settings=\"{&quot;_animation&quot;:&quot;fadeInUp&quot;,&quot;_transform_scale_effect_hover&quot;:{&quot;unit&quot;:&quot;px&quot;,&quot;size&quot;:1.01,&quot;sizes&quot;:[]},&quot;_transform_scale_effect_hover_tablet&quot;:{&quot;unit&quot;:&quot;px&quot;,&quot;size&quot;:&quot;&quot;,&quot;sizes&quot;:[]},&quot;_transform_scale_effect_hover_mobile&quot;:{&quot;unit&quot;:&quot;px&quot;,&quot;size&quot;:&quot;&quot;,&quot;sizes&quot;:[]}}\" data-widget_type=\"image.default\">\n\t\t\t\t<div class=\"elementor-widget-container\">\n\t\t\t\t\t\t\t\t\t\t\t\t<figure class=\"wp-caption\">\n\t\t\t\t\t\t\t\t\t\t<img fetchpriority=\"high\" decoding=\"async\" width=\"900\" height=\"506\" src=\"https:\/\/mulloway.com.tr\/wp-content\/uploads\/2024\/06\/kahverengi-maltodekstrin-1024x576.jpg\" class=\"attachment-large size-large wp-image-1275\" alt=\"\" srcset=\"https:\/\/mulloway.com.tr\/wp-content\/uploads\/2024\/06\/kahverengi-maltodekstrin-1024x576.jpg 1024w, https:\/\/mulloway.com.tr\/wp-content\/uploads\/2024\/06\/kahverengi-maltodekstrin-300x169.jpg 300w, https:\/\/mulloway.com.tr\/wp-content\/uploads\/2024\/06\/kahverengi-maltodekstrin-768x432.jpg 768w, https:\/\/mulloway.com.tr\/wp-content\/uploads\/2024\/06\/kahverengi-maltodekstrin-1536x864.jpg 1536w, https:\/\/mulloway.com.tr\/wp-content\/uploads\/2024\/06\/kahverengi-maltodekstrin.jpg 1920w\" sizes=\"(max-width: 900px) 100vw, 900px\" \/>\t\t\t\t\t\t\t\t\t\t\t<figcaption class=\"widget-image-caption wp-caption-text\"><\/figcaption>\n\t\t\t\t\t\t\t\t\t\t<\/figure>\n\t\t\t\t\t\t\t\t\t<\/div>\n\t\t\t\t<\/div>\n\t\t\t\t\t<\/div>\n\t\t<\/div>\n\t\t\t\t<div class=\"elementor-column elementor-col-50 elementor-inner-column elementor-element elementor-element-5e5dd17\" data-id=\"5e5dd17\" data-element_type=\"column\" data-e-type=\"column\">\n\t\t\t<div class=\"elementor-widget-wrap elementor-element-populated\">\n\t\t\t\t\t\t<div class=\"elementor-element elementor-element-b2c0c70 elementor-invisible elementor-widget elementor-widget-html\" data-id=\"b2c0c70\" data-element_type=\"widget\" data-e-type=\"widget\" data-settings=\"{&quot;_animation&quot;:&quot;fadeInRight&quot;}\" data-widget_type=\"html.default\">\n\t\t\t\t<div class=\"elementor-widget-container\">\n\t\t\t\t\t<div class=\"textwidget custom-html-widget\">\r\n    <div class=\"sidebar-widget bg-white\">\r\n        <div class=\"project-sidebar\">\r\n            <h4 class=\"mrb-40 widget-title\">About the Product<\/h4>\r\n            <ul class=\"list project-info-list\">\r\n                <li><span><i class=\"far fa-clock\"><\/i> Color and Smell:<\/span> Brown maltodextrin is brown in colour and has a slightly sweet odour.<\/li>\r\n                <li><span><i class=\"far fa-user\"><\/i> Structure:<\/span> It has a fine powder form and easily soluble structure.<\/li>\r\n                <li><span><i class=\"far fa-hdd\"><\/i> Taste:<\/span> It is slightly sweet and adds a slight sweetness to drinks or foods.<\/li>\r\n                <li><span><i class=\"far fa-money-bill-alt\"><\/i> Dissolution:<\/span> It dissolves very well in cold and hot water, which is important for providing a homogenous texture in foods.<\/li>\r\n            <\/ul>\r\n        <\/div>\r\n    <\/div>\r\n<\/div>\r\n\t\t\t\t<\/div>\n\t\t\t\t<\/div>\n\t\t\t\t\t<\/div>\n\t\t<\/div>\n\t\t\t\t\t<\/div>\n\t\t<\/section>\n\t\t\t\t\t<\/div>\n\t\t<\/div>\n\t\t\t\t\t<\/div>\n\t\t<\/div>\n\t\t\t\t<\/div>","protected":false},"excerpt":{"rendered":"<p>\u00dcr\u00fcnlerimiz Tatland\u0131r\u0131c\u0131 Grubu Kahverengi Maltodekstrin Kahverengi maltodekstrin, ni\u015fasta kaynaklar\u0131ndan elde edilen ve i\u015flem s\u0131ras\u0131nda kahverengi renk tonlar\u0131na sahip olan bir t\u00fcr maltodekstrindir. Bu bile\u015fik, genellikle koyu renkli i\u00e7eceklerde ve g\u0131dalarda kullan\u0131larak renk ve tat profiline derinlik katar. Ayr\u0131ca, klasik maltodekstrin gibi doku artt\u0131r\u0131c\u0131 ve stabilizat\u00f6r olarak da kullan\u0131labilir. \u00dcr\u00fcn Hakk\u0131nda Renk ve Koku: Kahverengi maltodekstrin, [&hellip;]<\/p>\n","protected":false},"author":1,"featured_media":0,"parent":782,"menu_order":0,"comment_status":"closed","ping_status":"closed","template":"page-templates\/home.php","meta":{"inline_featured_image":false,"footnotes":""},"class_list":["post-1306","page","type-page","status-publish","hentry"],"yoast_head":"<!-- This site is optimized with the Yoast SEO plugin v27.5 - https:\/\/yoast.com\/product\/yoast-seo-wordpress\/ -->\n<title>Kahverengi Maltodekstrin - Mulloway<\/title>\n<meta name=\"robots\" content=\"index, follow, max-snippet:-1, max-image-preview:large, max-video-preview:-1\" \/>\n<link rel=\"canonical\" href=\"https:\/\/mulloway.com.tr\/en\/urunlerimiz\/kahverengi-maltodekstrin\/\" \/>\n<meta property=\"og:locale\" content=\"en_US\" \/>\n<meta property=\"og:type\" content=\"article\" \/>\n<meta property=\"og:title\" content=\"Kahverengi Maltodekstrin - Mulloway\" \/>\n<meta property=\"og:description\" content=\"\u00dcr\u00fcnlerimiz Tatland\u0131r\u0131c\u0131 Grubu Kahverengi Maltodekstrin Kahverengi maltodekstrin, ni\u015fasta kaynaklar\u0131ndan elde edilen ve i\u015flem s\u0131ras\u0131nda kahverengi renk tonlar\u0131na sahip olan bir t\u00fcr maltodekstrindir. Bu bile\u015fik, genellikle koyu renkli i\u00e7eceklerde ve g\u0131dalarda kullan\u0131larak renk ve tat profiline derinlik katar. Ayr\u0131ca, klasik maltodekstrin gibi doku artt\u0131r\u0131c\u0131 ve stabilizat\u00f6r olarak da kullan\u0131labilir. \u00dcr\u00fcn Hakk\u0131nda Renk ve Koku: Kahverengi maltodekstrin, [&hellip;]\" \/>\n<meta property=\"og:url\" content=\"https:\/\/mulloway.com.tr\/en\/urunlerimiz\/kahverengi-maltodekstrin\/\" \/>\n<meta property=\"og:site_name\" content=\"Mulloway\" \/>\n<meta property=\"article:modified_time\" content=\"2024-06-01T06:08:55+00:00\" \/>\n<meta property=\"og:image\" content=\"https:\/\/mulloway.com.tr\/wp-content\/uploads\/2024\/06\/kahverengi-maltodekstrin.jpg\" \/>\n\t<meta property=\"og:image:width\" content=\"1920\" \/>\n\t<meta property=\"og:image:height\" content=\"1080\" \/>\n\t<meta property=\"og:image:type\" content=\"image\/jpeg\" \/>\n<meta name=\"twitter:card\" content=\"summary_large_image\" \/>\n<meta name=\"twitter:label1\" content=\"Est. reading time\" \/>\n\t<meta name=\"twitter:data1\" content=\"1 minute\" \/>\n<script type=\"application\/ld+json\" class=\"yoast-schema-graph\">{\"@context\":\"https:\\\/\\\/schema.org\",\"@graph\":[{\"@type\":\"WebPage\",\"@id\":\"https:\\\/\\\/mulloway.com.tr\\\/urunlerimiz\\\/kahverengi-maltodekstrin\\\/\",\"url\":\"https:\\\/\\\/mulloway.com.tr\\\/urunlerimiz\\\/kahverengi-maltodekstrin\\\/\",\"name\":\"Kahverengi Maltodekstrin - Mulloway\",\"isPartOf\":{\"@id\":\"https:\\\/\\\/mulloway.com.tr\\\/#website\"},\"primaryImageOfPage\":{\"@id\":\"https:\\\/\\\/mulloway.com.tr\\\/urunlerimiz\\\/kahverengi-maltodekstrin\\\/#primaryimage\"},\"image\":{\"@id\":\"https:\\\/\\\/mulloway.com.tr\\\/urunlerimiz\\\/kahverengi-maltodekstrin\\\/#primaryimage\"},\"thumbnailUrl\":\"https:\\\/\\\/mulloway.com.tr\\\/wp-content\\\/uploads\\\/2024\\\/06\\\/kahverengi-maltodekstrin-1024x576.jpg\",\"datePublished\":\"2024-06-01T06:08:11+00:00\",\"dateModified\":\"2024-06-01T06:08:55+00:00\",\"breadcrumb\":{\"@id\":\"https:\\\/\\\/mulloway.com.tr\\\/urunlerimiz\\\/kahverengi-maltodekstrin\\\/#breadcrumb\"},\"inLanguage\":\"en-US\",\"potentialAction\":[{\"@type\":\"ReadAction\",\"target\":[\"https:\\\/\\\/mulloway.com.tr\\\/urunlerimiz\\\/kahverengi-maltodekstrin\\\/\"]}]},{\"@type\":\"ImageObject\",\"inLanguage\":\"en-US\",\"@id\":\"https:\\\/\\\/mulloway.com.tr\\\/urunlerimiz\\\/kahverengi-maltodekstrin\\\/#primaryimage\",\"url\":\"https:\\\/\\\/mulloway.com.tr\\\/wp-content\\\/uploads\\\/2024\\\/06\\\/kahverengi-maltodekstrin-1024x576.jpg\",\"contentUrl\":\"https:\\\/\\\/mulloway.com.tr\\\/wp-content\\\/uploads\\\/2024\\\/06\\\/kahverengi-maltodekstrin-1024x576.jpg\"},{\"@type\":\"BreadcrumbList\",\"@id\":\"https:\\\/\\\/mulloway.com.tr\\\/urunlerimiz\\\/kahverengi-maltodekstrin\\\/#breadcrumb\",\"itemListElement\":[{\"@type\":\"ListItem\",\"position\":1,\"name\":\"Home\",\"item\":\"https:\\\/\\\/mulloway.com.tr\\\/\"},{\"@type\":\"ListItem\",\"position\":2,\"name\":\"\u00dcr\u00fcnlerimiz\",\"item\":\"https:\\\/\\\/mulloway.com.tr\\\/urunlerimiz\\\/\"},{\"@type\":\"ListItem\",\"position\":3,\"name\":\"Kahverengi Maltodekstrin\"}]},{\"@type\":\"WebSite\",\"@id\":\"https:\\\/\\\/mulloway.com.tr\\\/#website\",\"url\":\"https:\\\/\\\/mulloway.com.tr\\\/\",\"name\":\"Mulloway - End\u00fcstriyel G\u0131da \u00c7\u00f6z\u00fcmleri\",\"description\":\"End\u00fcstriyel G\u0131da \u00c7\u00f6z\u00fcm Orta\u011f\u0131n\u0131z!\",\"publisher\":{\"@id\":\"https:\\\/\\\/mulloway.com.tr\\\/#organization\"},\"potentialAction\":[{\"@type\":\"SearchAction\",\"target\":{\"@type\":\"EntryPoint\",\"urlTemplate\":\"https:\\\/\\\/mulloway.com.tr\\\/?s={search_term_string}\"},\"query-input\":{\"@type\":\"PropertyValueSpecification\",\"valueRequired\":true,\"valueName\":\"search_term_string\"}}],\"inLanguage\":\"en-US\"},{\"@type\":\"Organization\",\"@id\":\"https:\\\/\\\/mulloway.com.tr\\\/#organization\",\"name\":\"Mulloway\",\"url\":\"https:\\\/\\\/mulloway.com.tr\\\/\",\"logo\":{\"@type\":\"ImageObject\",\"inLanguage\":\"en-US\",\"@id\":\"https:\\\/\\\/mulloway.com.tr\\\/#\\\/schema\\\/logo\\\/image\\\/\",\"url\":\"https:\\\/\\\/mulloway.com.tr\\\/wp-content\\\/uploads\\\/2024\\\/05\\\/favicon@x2.png\",\"contentUrl\":\"https:\\\/\\\/mulloway.com.tr\\\/wp-content\\\/uploads\\\/2024\\\/05\\\/favicon@x2.png\",\"width\":638,\"height\":638,\"caption\":\"Mulloway\"},\"image\":{\"@id\":\"https:\\\/\\\/mulloway.com.tr\\\/#\\\/schema\\\/logo\\\/image\\\/\"}}]}<\/script>\n<!-- \/ Yoast SEO plugin. -->","yoast_head_json":{"title":"Kahverengi Maltodekstrin - Mulloway","robots":{"index":"index","follow":"follow","max-snippet":"max-snippet:-1","max-image-preview":"max-image-preview:large","max-video-preview":"max-video-preview:-1"},"canonical":"https:\/\/mulloway.com.tr\/en\/urunlerimiz\/kahverengi-maltodekstrin\/","og_locale":"en_US","og_type":"article","og_title":"Kahverengi Maltodekstrin - Mulloway","og_description":"\u00dcr\u00fcnlerimiz Tatland\u0131r\u0131c\u0131 Grubu Kahverengi Maltodekstrin Kahverengi maltodekstrin, ni\u015fasta kaynaklar\u0131ndan elde edilen ve i\u015flem s\u0131ras\u0131nda kahverengi renk tonlar\u0131na sahip olan bir t\u00fcr maltodekstrindir. Bu bile\u015fik, genellikle koyu renkli i\u00e7eceklerde ve g\u0131dalarda kullan\u0131larak renk ve tat profiline derinlik katar. Ayr\u0131ca, klasik maltodekstrin gibi doku artt\u0131r\u0131c\u0131 ve stabilizat\u00f6r olarak da kullan\u0131labilir. \u00dcr\u00fcn Hakk\u0131nda Renk ve Koku: Kahverengi maltodekstrin, [&hellip;]","og_url":"https:\/\/mulloway.com.tr\/en\/urunlerimiz\/kahverengi-maltodekstrin\/","og_site_name":"Mulloway","article_modified_time":"2024-06-01T06:08:55+00:00","og_image":[{"width":1920,"height":1080,"url":"https:\/\/mulloway.com.tr\/wp-content\/uploads\/2024\/06\/kahverengi-maltodekstrin.jpg","type":"image\/jpeg"}],"twitter_card":"summary_large_image","twitter_misc":{"Est. reading time":"1 minute"},"schema":{"@context":"https:\/\/schema.org","@graph":[{"@type":"WebPage","@id":"https:\/\/mulloway.com.tr\/urunlerimiz\/kahverengi-maltodekstrin\/","url":"https:\/\/mulloway.com.tr\/urunlerimiz\/kahverengi-maltodekstrin\/","name":"Kahverengi Maltodekstrin - Mulloway","isPartOf":{"@id":"https:\/\/mulloway.com.tr\/#website"},"primaryImageOfPage":{"@id":"https:\/\/mulloway.com.tr\/urunlerimiz\/kahverengi-maltodekstrin\/#primaryimage"},"image":{"@id":"https:\/\/mulloway.com.tr\/urunlerimiz\/kahverengi-maltodekstrin\/#primaryimage"},"thumbnailUrl":"https:\/\/mulloway.com.tr\/wp-content\/uploads\/2024\/06\/kahverengi-maltodekstrin-1024x576.jpg","datePublished":"2024-06-01T06:08:11+00:00","dateModified":"2024-06-01T06:08:55+00:00","breadcrumb":{"@id":"https:\/\/mulloway.com.tr\/urunlerimiz\/kahverengi-maltodekstrin\/#breadcrumb"},"inLanguage":"en-US","potentialAction":[{"@type":"ReadAction","target":["https:\/\/mulloway.com.tr\/urunlerimiz\/kahverengi-maltodekstrin\/"]}]},{"@type":"ImageObject","inLanguage":"en-US","@id":"https:\/\/mulloway.com.tr\/urunlerimiz\/kahverengi-maltodekstrin\/#primaryimage","url":"https:\/\/mulloway.com.tr\/wp-content\/uploads\/2024\/06\/kahverengi-maltodekstrin-1024x576.jpg","contentUrl":"https:\/\/mulloway.com.tr\/wp-content\/uploads\/2024\/06\/kahverengi-maltodekstrin-1024x576.jpg"},{"@type":"BreadcrumbList","@id":"https:\/\/mulloway.com.tr\/urunlerimiz\/kahverengi-maltodekstrin\/#breadcrumb","itemListElement":[{"@type":"ListItem","position":1,"name":"Home","item":"https:\/\/mulloway.com.tr\/"},{"@type":"ListItem","position":2,"name":"\u00dcr\u00fcnlerimiz","item":"https:\/\/mulloway.com.tr\/urunlerimiz\/"},{"@type":"ListItem","position":3,"name":"Kahverengi Maltodekstrin"}]},{"@type":"WebSite","@id":"https:\/\/mulloway.com.tr\/#website","url":"https:\/\/mulloway.com.tr\/","name":"Mulloway - End\u00fcstriyel G\u0131da \u00c7\u00f6z\u00fcmleri","description":"End\u00fcstriyel G\u0131da \u00c7\u00f6z\u00fcm Orta\u011f\u0131n\u0131z!","publisher":{"@id":"https:\/\/mulloway.com.tr\/#organization"},"potentialAction":[{"@type":"SearchAction","target":{"@type":"EntryPoint","urlTemplate":"https:\/\/mulloway.com.tr\/?s={search_term_string}"},"query-input":{"@type":"PropertyValueSpecification","valueRequired":true,"valueName":"search_term_string"}}],"inLanguage":"en-US"},{"@type":"Organization","@id":"https:\/\/mulloway.com.tr\/#organization","name":"At Mulloway,","url":"https:\/\/mulloway.com.tr\/","logo":{"@type":"ImageObject","inLanguage":"en-US","@id":"https:\/\/mulloway.com.tr\/#\/schema\/logo\/image\/","url":"https:\/\/mulloway.com.tr\/wp-content\/uploads\/2024\/05\/favicon@x2.png","contentUrl":"https:\/\/mulloway.com.tr\/wp-content\/uploads\/2024\/05\/favicon@x2.png","width":638,"height":638,"caption":"Mulloway"},"image":{"@id":"https:\/\/mulloway.com.tr\/#\/schema\/logo\/image\/"}}]}},"_links":{"self":[{"href":"https:\/\/mulloway.com.tr\/en\/wp-json\/wp\/v2\/pages\/1306","targetHints":{"allow":["GET"]}}],"collection":[{"href":"https:\/\/mulloway.com.tr\/en\/wp-json\/wp\/v2\/pages"}],"about":[{"href":"https:\/\/mulloway.com.tr\/en\/wp-json\/wp\/v2\/types\/page"}],"author":[{"embeddable":true,"href":"https:\/\/mulloway.com.tr\/en\/wp-json\/wp\/v2\/users\/1"}],"replies":[{"embeddable":true,"href":"https:\/\/mulloway.com.tr\/en\/wp-json\/wp\/v2\/comments?post=1306"}],"version-history":[{"count":7,"href":"https:\/\/mulloway.com.tr\/en\/wp-json\/wp\/v2\/pages\/1306\/revisions"}],"predecessor-version":[{"id":1313,"href":"https:\/\/mulloway.com.tr\/en\/wp-json\/wp\/v2\/pages\/1306\/revisions\/1313"}],"up":[{"embeddable":true,"href":"https:\/\/mulloway.com.tr\/en\/wp-json\/wp\/v2\/pages\/782"}],"wp:attachment":[{"href":"https:\/\/mulloway.com.tr\/en\/wp-json\/wp\/v2\/media?parent=1306"}],"curies":[{"name":"wp","href":"https:\/\/api.w.org\/{rel}","templated":true}]}}